{"id":19,"date":"2024-04-13T23:05:50","date_gmt":"2024-04-13T23:05:50","guid":{"rendered":"https:\/\/queeres-ufo.de\/?page_id=19"},"modified":"2024-04-26T01:04:51","modified_gmt":"2024-04-26T01:04:51","slug":"veranstaltungen","status":"publish","type":"page","link":"https:\/\/queeres-ufo.de\/?page_id=19","title":{"rendered":"Galerie"},"content":{"rendered":"\n<div style=\"height:40px\" aria-hidden=\"true\" class=\"wp-block-spacer\"><\/div>\n\n\n\n<h2 class=\"wp-block-heading\">Galerie<\/h2>\n\n\n\n<figure class=\"wp-block-gallery has-nested-images columns-default is-cropped wp-block-gallery-1 is-layout-flex wp-block-gallery-is-layout-flex\">\n<figure class=\"wp-block-image size-large\"><img loading=\"lazy\" decoding=\"async\" width=\"1024\" height=\"461\" data-id=\"186\" src=\"https:\/\/queeres-ufo.de\/wp-content\/uploads\/2024\/04\/Unknown1-1024x461.jpeg\" alt=\"\" class=\"wp-image-186\" srcset=\"https:\/\/queeres-ufo.de\/wp-content\/uploads\/2024\/04\/Unknown1-1024x461.jpeg 1024w, https:\/\/queeres-ufo.de\/wp-content\/uploads\/2024\/04\/Unknown1-300x135.jpeg 300w, https:\/\/queeres-ufo.de\/wp-content\/uploads\/2024\/04\/Unknown1-768x345.jpeg 768w, https:\/\/queeres-ufo.de\/wp-content\/uploads\/2024\/04\/Unknown1-1536x691.jpeg 1536w, https:\/\/queeres-ufo.de\/wp-content\/uploads\/2024\/04\/Unknown1.jpeg 2048w\" sizes=\"auto, (max-width: 1024px) 100vw, 1024px\" \/><\/figure>\n\n\n\n<figure class=\"wp-block-image size-large\"><img loading=\"lazy\" decoding=\"async\" width=\"1600\" height=\"900\" data-id=\"193\" src=\"https:\/\/queeres-ufo.de\/wp-content\/uploads\/2024\/04\/Unknown6-edited.jpeg\" alt=\"\" class=\"wp-image-193\" srcset=\"https:\/\/queeres-ufo.de\/wp-content\/uploads\/2024\/04\/Unknown6-edited.jpeg 1600w, https:\/\/queeres-ufo.de\/wp-content\/uploads\/2024\/04\/Unknown6-edited-300x169.jpeg 300w, https:\/\/queeres-ufo.de\/wp-content\/uploads\/2024\/04\/Unknown6-edited-1024x576.jpeg 1024w, https:\/\/queeres-ufo.de\/wp-content\/uploads\/2024\/04\/Unknown6-edited-768x432.jpeg 768w, https:\/\/queeres-ufo.de\/wp-content\/uploads\/2024\/04\/Unknown6-edited-1536x864.jpeg 1536w\" sizes=\"auto, (max-width: 1600px) 100vw, 1600px\" \/><\/figure>\n\n\n\n<figure class=\"wp-block-image size-large\"><img loading=\"lazy\" decoding=\"async\" width=\"1024\" height=\"768\" data-id=\"188\" src=\"https:\/\/queeres-ufo.de\/wp-content\/uploads\/2024\/04\/Unknown5-1024x768.jpeg\" alt=\"\" class=\"wp-image-188\" srcset=\"https:\/\/queeres-ufo.de\/wp-content\/uploads\/2024\/04\/Unknown5-1024x768.jpeg 1024w, https:\/\/queeres-ufo.de\/wp-content\/uploads\/2024\/04\/Unknown5-300x225.jpeg 300w, https:\/\/queeres-ufo.de\/wp-content\/uploads\/2024\/04\/Unknown5-768x576.jpeg 768w, https:\/\/queeres-ufo.de\/wp-content\/uploads\/2024\/04\/Unknown5-1536x1152.jpeg 1536w, https:\/\/queeres-ufo.de\/wp-content\/uploads\/2024\/04\/Unknown5.jpeg 1920w\" sizes=\"auto, (max-width: 1024px) 100vw, 1024px\" \/><\/figure>\n\n\n\n<figure class=\"wp-block-image size-large\"><img loading=\"lazy\" decoding=\"async\" width=\"1024\" height=\"768\" data-id=\"192\" src=\"https:\/\/queeres-ufo.de\/wp-content\/uploads\/2024\/04\/Unknown4-1024x768.jpeg\" alt=\"\" class=\"wp-image-192\" srcset=\"https:\/\/queeres-ufo.de\/wp-content\/uploads\/2024\/04\/Unknown4-1024x768.jpeg 1024w, https:\/\/queeres-ufo.de\/wp-content\/uploads\/2024\/04\/Unknown4-300x225.jpeg 300w, https:\/\/queeres-ufo.de\/wp-content\/uploads\/2024\/04\/Unknown4-768x576.jpeg 768w, https:\/\/queeres-ufo.de\/wp-content\/uploads\/2024\/04\/Unknown4-1536x1152.jpeg 1536w, https:\/\/queeres-ufo.de\/wp-content\/uploads\/2024\/04\/Unknown4.jpeg 1920w\" sizes=\"auto, (max-width: 1024px) 100vw, 1024px\" \/><\/figure>\n\n\n\n<figure class=\"wp-block-image size-large\"><img loading=\"lazy\" decoding=\"async\" width=\"921\" height=\"922\" data-id=\"194\" src=\"https:\/\/queeres-ufo.de\/wp-content\/uploads\/2024\/04\/Unknown-edited.jpeg\" alt=\"\" class=\"wp-image-194\" srcset=\"https:\/\/queeres-ufo.de\/wp-content\/uploads\/2024\/04\/Unknown-edited.jpeg 921w, https:\/\/queeres-ufo.de\/wp-content\/uploads\/2024\/04\/Unknown-edited-300x300.jpeg 300w, https:\/\/queeres-ufo.de\/wp-content\/uploads\/2024\/04\/Unknown-edited-150x150.jpeg 150w, https:\/\/queeres-ufo.de\/wp-content\/uploads\/2024\/04\/Unknown-edited-768x769.jpeg 768w\" sizes=\"auto, (max-width: 921px) 100vw, 921px\" \/><\/figure>\n\n\n\n<figure class=\"wp-block-image size-large\"><img loading=\"lazy\" decoding=\"async\" width=\"863\" height=\"863\" data-id=\"195\" src=\"https:\/\/queeres-ufo.de\/wp-content\/uploads\/2024\/04\/Unknown2-edited.jpeg\" alt=\"\" class=\"wp-image-195\" srcset=\"https:\/\/queeres-ufo.de\/wp-content\/uploads\/2024\/04\/Unknown2-edited.jpeg 863w, https:\/\/queeres-ufo.de\/wp-content\/uploads\/2024\/04\/Unknown2-edited-300x300.jpeg 300w, https:\/\/queeres-ufo.de\/wp-content\/uploads\/2024\/04\/Unknown2-edited-150x150.jpeg 150w, https:\/\/queeres-ufo.de\/wp-content\/uploads\/2024\/04\/Unknown2-edited-768x768.jpeg 768w\" sizes=\"auto, (max-width: 863px) 100vw, 863px\" \/><\/figure>\n\n\n\n<figure class=\"wp-block-image size-large\"><img loading=\"lazy\" decoding=\"async\" width=\"888\" height=\"666\" data-id=\"196\" src=\"https:\/\/queeres-ufo.de\/wp-content\/uploads\/2024\/04\/Unknown3-edited.jpeg\" alt=\"\" class=\"wp-image-196\" srcset=\"https:\/\/queeres-ufo.de\/wp-content\/uploads\/2024\/04\/Unknown3-edited.jpeg 888w, https:\/\/queeres-ufo.de\/wp-content\/uploads\/2024\/04\/Unknown3-edited-300x225.jpeg 300w, https:\/\/queeres-ufo.de\/wp-content\/uploads\/2024\/04\/Unknown3-edited-768x576.jpeg 768w\" sizes=\"auto, (max-width: 888px) 100vw, 888px\" \/><\/figure>\n\n\n\n<figure class=\"wp-block-image size-large\"><img loading=\"lazy\" decoding=\"async\" width=\"727\" height=\"727\" data-id=\"199\" src=\"https:\/\/queeres-ufo.de\/wp-content\/uploads\/2024\/04\/WhatsApp-Image-2024-04-25-at-2.20.40-PM2.jpeg\" alt=\"\" class=\"wp-image-199\" srcset=\"https:\/\/queeres-ufo.de\/wp-content\/uploads\/2024\/04\/WhatsApp-Image-2024-04-25-at-2.20.40-PM2.jpeg 727w, https:\/\/queeres-ufo.de\/wp-content\/uploads\/2024\/04\/WhatsApp-Image-2024-04-25-at-2.20.40-PM2-300x300.jpeg 300w, https:\/\/queeres-ufo.de\/wp-content\/uploads\/2024\/04\/WhatsApp-Image-2024-04-25-at-2.20.40-PM2-150x150.jpeg 150w\" sizes=\"auto, (max-width: 727px) 100vw, 727px\" \/><\/figure>\n\n\n\n<figure class=\"wp-block-image size-large\"><img loading=\"lazy\" decoding=\"async\" width=\"723\" height=\"723\" data-id=\"200\" src=\"https:\/\/queeres-ufo.de\/wp-content\/uploads\/2024\/04\/WhatsApp-Image-2024-04-25-at-2.20.40-PM1.jpeg\" alt=\"\" class=\"wp-image-200\" srcset=\"https:\/\/queeres-ufo.de\/wp-content\/uploads\/2024\/04\/WhatsApp-Image-2024-04-25-at-2.20.40-PM1.jpeg 723w, https:\/\/queeres-ufo.de\/wp-content\/uploads\/2024\/04\/WhatsApp-Image-2024-04-25-at-2.20.40-PM1-300x300.jpeg 300w, https:\/\/queeres-ufo.de\/wp-content\/uploads\/2024\/04\/WhatsApp-Image-2024-04-25-at-2.20.40-PM1-150x150.jpeg 150w\" sizes=\"auto, (max-width: 723px) 100vw, 723px\" \/><\/figure>\n\n\n\n<figure class=\"wp-block-image size-large\"><img loading=\"lazy\" decoding=\"async\" width=\"732\" height=\"732\" data-id=\"203\" src=\"https:\/\/queeres-ufo.de\/wp-content\/uploads\/2024\/04\/WhatsApp-Image-2024-04-25-at-2.20.40-PM.jpeg\" alt=\"\" class=\"wp-image-203\" srcset=\"https:\/\/queeres-ufo.de\/wp-content\/uploads\/2024\/04\/WhatsApp-Image-2024-04-25-at-2.20.40-PM.jpeg 732w, https:\/\/queeres-ufo.de\/wp-content\/uploads\/2024\/04\/WhatsApp-Image-2024-04-25-at-2.20.40-PM-300x300.jpeg 300w, https:\/\/queeres-ufo.de\/wp-content\/uploads\/2024\/04\/WhatsApp-Image-2024-04-25-at-2.20.40-PM-150x150.jpeg 150w\" sizes=\"auto, (max-width: 732px) 100vw, 732px\" \/><\/figure>\n\n\n\n<figure class=\"wp-block-image size-large\"><img loading=\"lazy\" decoding=\"async\" width=\"732\" height=\"732\" data-id=\"202\" src=\"https:\/\/queeres-ufo.de\/wp-content\/uploads\/2024\/04\/WhatsApp-Image-2024-04-25-at-2.19.20-PM3.jpeg\" alt=\"\" class=\"wp-image-202\" srcset=\"https:\/\/queeres-ufo.de\/wp-content\/uploads\/2024\/04\/WhatsApp-Image-2024-04-25-at-2.19.20-PM3.jpeg 732w, https:\/\/queeres-ufo.de\/wp-content\/uploads\/2024\/04\/WhatsApp-Image-2024-04-25-at-2.19.20-PM3-300x300.jpeg 300w, https:\/\/queeres-ufo.de\/wp-content\/uploads\/2024\/04\/WhatsApp-Image-2024-04-25-at-2.19.20-PM3-150x150.jpeg 150w\" sizes=\"auto, (max-width: 732px) 100vw, 732px\" \/><\/figure>\n\n\n\n<figure class=\"wp-block-image size-large\"><img loading=\"lazy\" decoding=\"async\" width=\"732\" height=\"732\" data-id=\"198\" src=\"https:\/\/queeres-ufo.de\/wp-content\/uploads\/2024\/04\/WhatsApp-Image-2024-04-25-at-2.19.20-PM2.jpeg\" alt=\"\" class=\"wp-image-198\" srcset=\"https:\/\/queeres-ufo.de\/wp-content\/uploads\/2024\/04\/WhatsApp-Image-2024-04-25-at-2.19.20-PM2.jpeg 732w, https:\/\/queeres-ufo.de\/wp-content\/uploads\/2024\/04\/WhatsApp-Image-2024-04-25-at-2.19.20-PM2-300x300.jpeg 300w, https:\/\/queeres-ufo.de\/wp-content\/uploads\/2024\/04\/WhatsApp-Image-2024-04-25-at-2.19.20-PM2-150x150.jpeg 150w\" sizes=\"auto, (max-width: 732px) 100vw, 732px\" \/><\/figure>\n\n\n\n<figure class=\"wp-block-image size-large\"><img loading=\"lazy\" decoding=\"async\" width=\"709\" height=\"709\" data-id=\"201\" src=\"https:\/\/queeres-ufo.de\/wp-content\/uploads\/2024\/04\/WhatsApp-Image-2024-04-25-at-2.19.20-PM1.jpeg\" alt=\"\" class=\"wp-image-201\" srcset=\"https:\/\/queeres-ufo.de\/wp-content\/uploads\/2024\/04\/WhatsApp-Image-2024-04-25-at-2.19.20-PM1.jpeg 709w, https:\/\/queeres-ufo.de\/wp-content\/uploads\/2024\/04\/WhatsApp-Image-2024-04-25-at-2.19.20-PM1-300x300.jpeg 300w, https:\/\/queeres-ufo.de\/wp-content\/uploads\/2024\/04\/WhatsApp-Image-2024-04-25-at-2.19.20-PM1-150x150.jpeg 150w\" sizes=\"auto, (max-width: 709px) 100vw, 709px\" \/><\/figure>\n\n\n\n<figure class=\"wp-block-image size-large\"><img loading=\"lazy\" decoding=\"async\" width=\"720\" height=\"720\" data-id=\"205\" src=\"https:\/\/queeres-ufo.de\/wp-content\/uploads\/2024\/04\/WhatsApp-Image-2024-04-25-at-2.19.20-PM.jpeg\" alt=\"\" class=\"wp-image-205\" srcset=\"https:\/\/queeres-ufo.de\/wp-content\/uploads\/2024\/04\/WhatsApp-Image-2024-04-25-at-2.19.20-PM.jpeg 720w, https:\/\/queeres-ufo.de\/wp-content\/uploads\/2024\/04\/WhatsApp-Image-2024-04-25-at-2.19.20-PM-300x300.jpeg 300w, https:\/\/queeres-ufo.de\/wp-content\/uploads\/2024\/04\/WhatsApp-Image-2024-04-25-at-2.19.20-PM-150x150.jpeg 150w\" sizes=\"auto, (max-width: 720px) 100vw, 720px\" \/><\/figure>\n\n\n\n<figure class=\"wp-block-image size-large\"><img loading=\"lazy\" decoding=\"async\" width=\"735\" height=\"735\" data-id=\"207\" src=\"https:\/\/queeres-ufo.de\/wp-content\/uploads\/2024\/04\/WhatsApp-Image-2024-04-25-at-2.19.19-PM3.jpeg\" alt=\"\" class=\"wp-image-207\" srcset=\"https:\/\/queeres-ufo.de\/wp-content\/uploads\/2024\/04\/WhatsApp-Image-2024-04-25-at-2.19.19-PM3.jpeg 735w, https:\/\/queeres-ufo.de\/wp-content\/uploads\/2024\/04\/WhatsApp-Image-2024-04-25-at-2.19.19-PM3-300x300.jpeg 300w, https:\/\/queeres-ufo.de\/wp-content\/uploads\/2024\/04\/WhatsApp-Image-2024-04-25-at-2.19.19-PM3-150x150.jpeg 150w\" sizes=\"auto, (max-width: 735px) 100vw, 735px\" \/><\/figure>\n\n\n\n<figure class=\"wp-block-image size-large\"><img loading=\"lazy\" decoding=\"async\" width=\"739\" height=\"739\" data-id=\"206\" src=\"https:\/\/queeres-ufo.de\/wp-content\/uploads\/2024\/04\/WhatsApp-Image-2024-04-25-at-2.19.19-PM2.jpeg\" alt=\"\" class=\"wp-image-206\" srcset=\"https:\/\/queeres-ufo.de\/wp-content\/uploads\/2024\/04\/WhatsApp-Image-2024-04-25-at-2.19.19-PM2.jpeg 739w, https:\/\/queeres-ufo.de\/wp-content\/uploads\/2024\/04\/WhatsApp-Image-2024-04-25-at-2.19.19-PM2-300x300.jpeg 300w, https:\/\/queeres-ufo.de\/wp-content\/uploads\/2024\/04\/WhatsApp-Image-2024-04-25-at-2.19.19-PM2-150x150.jpeg 150w\" sizes=\"auto, (max-width: 739px) 100vw, 739px\" \/><\/figure>\n\n\n\n<figure class=\"wp-block-image size-large\"><img loading=\"lazy\" decoding=\"async\" width=\"726\" height=\"726\" data-id=\"204\" src=\"https:\/\/queeres-ufo.de\/wp-content\/uploads\/2024\/04\/WhatsApp-Image-2024-04-25-at-2.19.19-PM1.jpeg\" alt=\"\" class=\"wp-image-204\" srcset=\"https:\/\/queeres-ufo.de\/wp-content\/uploads\/2024\/04\/WhatsApp-Image-2024-04-25-at-2.19.19-PM1.jpeg 726w, https:\/\/queeres-ufo.de\/wp-content\/uploads\/2024\/04\/WhatsApp-Image-2024-04-25-at-2.19.19-PM1-300x300.jpeg 300w, https:\/\/queeres-ufo.de\/wp-content\/uploads\/2024\/04\/WhatsApp-Image-2024-04-25-at-2.19.19-PM1-150x150.jpeg 150w\" sizes=\"auto, (max-width: 726px) 100vw, 726px\" \/><\/figure>\n\n\n\n<figure class=\"wp-block-image size-large\"><img loading=\"lazy\" decoding=\"async\" width=\"738\" height=\"738\" data-id=\"208\" src=\"https:\/\/queeres-ufo.de\/wp-content\/uploads\/2024\/04\/WhatsApp-Image-2024-04-25-at-2.19.19-PM.jpeg\" alt=\"\" class=\"wp-image-208\" srcset=\"https:\/\/queeres-ufo.de\/wp-content\/uploads\/2024\/04\/WhatsApp-Image-2024-04-25-at-2.19.19-PM.jpeg 738w, https:\/\/queeres-ufo.de\/wp-content\/uploads\/2024\/04\/WhatsApp-Image-2024-04-25-at-2.19.19-PM-300x300.jpeg 300w, https:\/\/queeres-ufo.de\/wp-content\/uploads\/2024\/04\/WhatsApp-Image-2024-04-25-at-2.19.19-PM-150x150.jpeg 150w\" sizes=\"auto, (max-width: 738px) 100vw, 738px\" \/><\/figure>\n<\/figure>\n\n\n\n<figure class=\"wp-block-embed is-type-wp-embed is-provider-licha-media wp-block-embed-licha-media\"><blockquote class=\"wp-embedded-content\" data-secret=\"aGCFv8QRMF\"><a href=\"https:\/\/licha-media.de\/2023\/07\/23\/fotos-christopher-street-day-etabliert-sich-in-hassfurt-als-forum-der-queeren-community\/\">[FOTOS] Christopher Street Day etabliert sich in Ha\u00dffurt als Forum der queeren Community<\/a><\/blockquote><iframe loading=\"lazy\" class=\"wp-embedded-content\" sandbox=\"allow-scripts\" security=\"restricted\" style=\"position: absolute; visibility: hidden;\" title=\"&#8222;[FOTOS] Christopher Street Day etabliert sich in Ha\u00dffurt als Forum der queeren Community&#8220; &#8211; Licha Media\" src=\"https:\/\/licha-media.de\/2023\/07\/23\/fotos-christopher-street-day-etabliert-sich-in-hassfurt-als-forum-der-queeren-community\/embed\/#?secret=4CvLS2oXyw#?secret=aGCFv8QRMF\" data-secret=\"aGCFv8QRMF\" width=\"500\" height=\"282\" frameborder=\"0\" marginwidth=\"0\" marginheight=\"0\" scrolling=\"no\"><\/iframe><\/figure>\n\n\n\n<figure class=\"wp-block-embed is-type-wp-embed is-provider-harzpix-de wp-block-embed-harzpix-de\"><blockquote class=\"wp-embedded-content\" data-secret=\"Ww6JqzzP5Y\"><a href=\"https:\/\/harzpix.wordpress.com\/2022\/08\/20\/csd-hassfurt-2022\/\">CSD Ha\u00dffurt 2022<\/a><\/blockquote><iframe loading=\"lazy\" class=\"wp-embedded-content\" sandbox=\"allow-scripts\" security=\"restricted\" style=\"position: absolute; visibility: hidden;\" title=\"&#8222;CSD Ha\u00dffurt 2022&#8220; &#8212; Harzpix.de\" src=\"https:\/\/harzpix.wordpress.com\/2022\/08\/20\/csd-hassfurt-2022\/embed\/#?secret=Nc8LTObMKd#?secret=Ww6JqzzP5Y\" data-secret=\"Ww6JqzzP5Y\" width=\"500\" height=\"282\" frameborder=\"0\" marginwidth=\"0\" marginheight=\"0\" scrolling=\"no\"><\/iframe><\/figure>\n\n\n\n<figure class=\"wp-block-embed is-type-video is-provider-youtube wp-block-embed-youtube wp-embed-aspect-16-9 wp-has-aspect-ratio\"><div class=\"wp-block-embed__wrapper\">\n<div class=\"ast-oembed-container \" style=\"height: 100%;\"><iframe loading=\"lazy\" title=\"1. Christopher Street Day in Ha\u00dffurt ein voller Erfolg\" width=\"500\" height=\"281\" src=\"https:\/\/www.youtube.com\/embed\/dKf7hUAeI2A?start=1&#038;feature=oembed\" frameborder=\"0\" allow=\"accelerometer; autoplay; clipboard-write; encrypted-media; gyroscope; picture-in-picture; web-share\" referrerpolicy=\"strict-origin-when-cross-origin\" allowfullscreen><\/iframe><\/div>\n<\/div><\/figure>\n\n\n\n<figure class=\"wp-block-embed is-type-video is-provider-youtube wp-block-embed-youtube wp-embed-aspect-16-9 wp-has-aspect-ratio\"><div class=\"wp-block-embed__wrapper\">\n<div class=\"ast-oembed-container \" style=\"height: 100%;\"><iframe loading=\"lazy\" title=\"CSD Ha\u00dffurt 2022 #CSD #Ha\u00dffurt #2022 #shorts\" width=\"500\" height=\"281\" src=\"https:\/\/www.youtube.com\/embed\/W2upcSlQorE?feature=oembed\" frameborder=\"0\" allow=\"accelerometer; autoplay; clipboard-write; encrypted-media; gyroscope; picture-in-picture; web-share\" referrerpolicy=\"strict-origin-when-cross-origin\" allowfullscreen><\/iframe><\/div>\n<\/div><\/figure>\n\n\n\n<figure class=\"wp-block-embed is-type-video is-provider-youtube wp-block-embed-youtube wp-embed-aspect-16-9 wp-has-aspect-ratio\"><div class=\"wp-block-embed__wrapper\">\n<div class=\"ast-oembed-container \" style=\"height: 100%;\"><iframe loading=\"lazy\" title=\"CSD Ha\u00dfberge 2022 in Ha\u00dffurt - Rede und Interview - Luca Fabi\u00e8n Dotzler\" width=\"500\" height=\"281\" src=\"https:\/\/www.youtube.com\/embed\/1pwB6tPrlG8?start=4&#038;feature=oembed\" frameborder=\"0\" allow=\"accelerometer; autoplay; clipboard-write; encrypted-media; gyroscope; picture-in-picture; web-share\" referrerpolicy=\"strict-origin-when-cross-origin\" allowfullscreen><\/iframe><\/div>\n<\/div><\/figure>\n\n\n\n<figure class=\"wp-block-embed is-type-video is-provider-youtube wp-block-embed-youtube wp-embed-aspect-16-9 wp-has-aspect-ratio\"><div class=\"wp-block-embed__wrapper\">\n<div class=\"ast-oembed-container \" style=\"height: 100%;\"><iframe loading=\"lazy\" title=\"CSD HA\u00dfFURT 2022\" width=\"500\" height=\"281\" src=\"https:\/\/www.youtube.com\/embed\/S5PNmLUT6C8?start=926&#038;feature=oembed\" frameborder=\"0\" allow=\"accelerometer; autoplay; clipboard-write; encrypted-media; gyroscope; picture-in-picture; web-share\" referrerpolicy=\"strict-origin-when-cross-origin\" allowfullscreen><\/iframe><\/div>\n<\/div><\/figure>\n\n\n\n<p><a href=\"https:\/\/www.np-coburg.de\/inhalt.erster-csd-hassfurt-demonstriert-fuer-toleranz.f27b86f8-4adb-47e5-b0f5-c26dec8a3f51.html\">https:\/\/www.np-coburg.de\/inhalt.erster-csd-hassfurt-demonstriert-fuer-toleranz.f27b86f8-4adb-47e5-b0f5-c26dec8a3f51.html<\/a><\/p>\n\n\n\n<p><a href=\"https:\/\/www.np-coburg.de\/inhalt.csd-in-hassfurt-wir-wollen-sichtbar-bleiben.506a61ff-ecf1-4d96-bdd7-0cabdd905dda.html\">https:\/\/www.np-coburg.de\/inhalt.csd-in-hassfurt-wir-wollen-sichtbar-bleiben.506a61ff-ecf1-4d96-bdd7-0cabdd905dda.html<\/a><\/p>\n\n\n\n<p><a href=\"https:\/\/www.mainpost.de\/regional\/hassberge\/christopher-street-day-auf-dem-lande-in-hassfurt-ist-am-samstag-20-august-premiere-art-10872720\">https:\/\/www.mainpost.de\/regional\/hassberge\/christopher-street-day-auf-dem-lande-in-hassfurt-ist-am-samstag-20-august-premiere-art-10872720<\/a><\/p>\n\n\n\n<p><a href=\"https:\/\/www.mainpost.de\/mediathek\/fotos\/regionale-fotos\/christopher-street-day-hassfurt-2022-cme-9747697\">https:\/\/www.mainpost.de\/mediathek\/fotos\/regionale-fotos\/christopher-street-day-hassfurt-2022-cme-9747697<\/a><\/p>\n\n\n\n<p><a href=\"https:\/\/www.mainpost.de\/regional\/hassberge\/kommentar-toleranz-gegenueber-der-intoleranz-schadet-der-offenen-gesellschaft-art-10892957\">https:\/\/www.mainpost.de\/regional\/hassberge\/kommentar-toleranz-gegenueber-der-intoleranz-schadet-der-offenen-gesellschaft-art-10892957<\/a><\/p>\n\n\n\n<p><a href=\"https:\/\/www.mainpost.de\/regional\/hassberge\/rund-100-menschen-feiern-ersten-queeren-gottesdienst-in-der-hassfurter-ritterkapelle-art-10890266\">https:\/\/www.mainpost.de\/regional\/hassberge\/rund-100-menschen-feiern-ersten-queeren-gottesdienst-in-der-hassfurter-ritterkapelle-art-10890266<\/a><\/p>\n\n\n\n<p><a href=\"https:\/\/www.mainpost.de\/regional\/hassberge\/vier-queere-menschen-erzaehlen-warum-der-csd-in-hassfurt-fuer-sie-wichtig-ist-art-10889498\">https:\/\/www.mainpost.de\/regional\/hassberge\/vier-queere-menschen-erzaehlen-warum-der-csd-in-hassfurt-fuer-sie-wichtig-ist-art-10889498<\/a><\/p>\n\n\n\n<p><a href=\"https:\/\/www.mainpost.de\/regional\/hassberge\/tessa-ganserer-ich-finde-csds-im-laendlichen-raum-mindestens-genauso-wichtig-wie-in-grossstaedten-art-10890191\">https:\/\/www.mainpost.de\/regional\/hassberge\/tessa-ganserer-ich-finde-csds-im-laendlichen-raum-mindestens-genauso-wichtig-wie-in-grossstaedten-art-10890191<\/a><\/p>\n\n\n\n<p><a href=\"https:\/\/www.mainpost.de\/regional\/hassberge\/so-verlief-der-erste-christopher-street-day-in-hassfurt-art-10889214\">https:\/\/www.mainpost.de\/regional\/hassberge\/so-verlief-der-erste-christopher-street-day-in-hassfurt-art-10889214<\/a><\/p>\n\n\n\n<p><a href=\"https:\/\/www.swity.de\/2022\/08\/19\/erster-christopher-street-day-in-hassfurt-mit-after-party-in-sennfeld-geplant\">https:\/\/www.swity.de\/2022\/08\/19\/erster-christopher-street-day-in-hassfurt-mit-after-party-in-sennfeld-geplant<\/a><\/p>\n\n\n\n<p><a href=\"https:\/\/www.fraenkischertag.de\/lokales\/hassberge\/politik\/anlaesslich-des-christopher-street-days-in-hassfurt-fand-ein-oekumenischer-gottesdienst-in-der-ritterkapelle-nicht-nur-fuer-die-queere-community-statt-art-176924\">https:\/\/www.fraenkischertag.de\/lokales\/hassberge\/politik\/anlaesslich-des-christopher-street-days-in-hassfurt-fand-ein-oekumenischer-gottesdienst-in-der-ritterkapelle-nicht-nur-fuer-die-queere-community-statt-art-176924<\/a><\/p>\n\n\n\n<p><a href=\"https:\/\/www.aidsberatung-unterfranken.de\/aktuell\/csd-hassfurt\">https:\/\/www.aidsberatung-unterfranken.de\/aktuell\/csd-hassfurt<\/a><\/p>\n","protected":false},"excerpt":{"rendered":"<p>Galerie https:\/\/www.np-coburg.de\/inhalt.erster-csd-hassfurt-demonstriert-fuer-toleranz.f27b86f8-4adb-47e5-b0f5-c26dec8a3f51.html https:\/\/www.np-coburg.de\/inhalt.csd-in-hassfurt-wir-wollen-sichtbar-bleiben.506a61ff-ecf1-4d96-bdd7-0cabdd905dda.html https:\/\/www.mainpost.de\/regional\/hassberge\/christopher-street-day-auf-dem-lande-in-hassfurt-ist-am-samstag-20-august-premiere-art-10872720 https:\/\/www.mainpost.de\/mediathek\/fotos\/regionale-fotos\/christopher-street-day-hassfurt-2022-cme-9747697 https:\/\/www.mainpost.de\/regional\/hassberge\/kommentar-toleranz-gegenueber-der-intoleranz-schadet-der-offenen-gesellschaft-art-10892957 https:\/\/www.mainpost.de\/regional\/hassberge\/rund-100-menschen-feiern-ersten-queeren-gottesdienst-in-der-hassfurter-ritterkapelle-art-10890266 https:\/\/www.mainpost.de\/regional\/hassberge\/vier-queere-menschen-erzaehlen-warum-der-csd-in-hassfurt-fuer-sie-wichtig-ist-art-10889498 https:\/\/www.mainpost.de\/regional\/hassberge\/tessa-ganserer-ich-finde-csds-im-laendlichen-raum-mindestens-genauso-wichtig-wie-in-grossstaedten-art-10890191 https:\/\/www.mainpost.de\/regional\/hassberge\/so-verlief-der-erste-christopher-street-day-in-hassfurt-art-10889214 https:\/\/www.swity.de\/2022\/08\/19\/erster-christopher-street-day-in-hassfurt-mit-after-party-in-sennfeld-geplant https:\/\/www.fraenkischertag.de\/lokales\/hassberge\/politik\/anlaesslich-des-christopher-street-days-in-hassfurt-fand-ein-oekumenischer-gottesdienst-in-der-ritterkapelle-nicht-nur-fuer-die-queere-community-statt-art-176924 https:\/\/www.aidsberatung-unterfranken.de\/aktuell\/csd-hassfurt<\/p>\n","protected":false},"author":1,"featured_media":0,"parent":0,"menu_order":0,"comment_status":"closed","ping_status":"closed","template":"","meta":{"site-sidebar-layout":"default","site-content-layout":"","ast-site-content-layout":"","site-content-style":"default","site-sidebar-style":"default","ast-global-header-display":"","ast-banner-title-visibility":"","ast-main-header-display":"","ast-hfb-above-header-display":"","ast-hfb-below-header-display":"","ast-hfb-mobile-header-display":"","site-post-title":"disabled","ast-breadcrumbs-content":"","ast-featured-img":"","footer-sml-layout":"","theme-transparent-header-meta":"","adv-header-id-meta":"","stick-header-meta":"","header-above-stick-meta":"","header-main-stick-meta":"","header-below-stick-meta":"","astra-migrate-meta-layouts":"default","ast-page-background-enabled":"default","ast-page-background-meta":{"desktop":{"background-color":"var(--ast-global-color-4)","background-image":"","background-repeat":"repeat","background-position":"center center","background-size":"auto","background-attachment":"scroll","background-type":"","background-media":"","overlay-type":"","overlay-color":"","overlay-gradient":""},"tablet":{"background-color":"","background-image":"","background-repeat":"repeat","background-position":"center center","background-size":"auto","background-attachment":"scroll","background-type":"","background-media":"","overlay-type":"","overlay-color":"","overlay-gradient":""},"mobile":{"background-color":"","background-image":"","background-repeat":"repeat","background-position":"center center","background-size":"auto","background-attachment":"scroll","background-type":"","background-media":"","overlay-type":"","overlay-color":"","overlay-gradient":""}},"ast-content-background-meta":{"desktop":{"background-color":"var(--ast-global-color-5)","background-image":"","background-repeat":"repeat","background-position":"center center","background-size":"auto","background-attachment":"scroll","background-type":"","background-media":"","overlay-type":"","overlay-color":"","overlay-gradient":""},"tablet":{"background-color":"var(--ast-global-color-5)","background-image":"","background-repeat":"repeat","background-position":"center center","background-size":"auto","background-attachment":"scroll","background-type":"","background-media":"","overlay-type":"","overlay-color":"","overlay-gradient":""},"mobile":{"background-color":"var(--ast-global-color-5)","background-image":"","background-repeat":"repeat","background-position":"center center","background-size":"auto","background-attachment":"scroll","background-type":"","background-media":"","overlay-type":"","overlay-color":"","overlay-gradient":""}},"footnotes":""},"class_list":["post-19","page","type-page","status-publish","hentry"],"_links":{"self":[{"href":"https:\/\/queeres-ufo.de\/index.php?rest_route=\/wp\/v2\/pages\/19","targetHints":{"allow":["GET"]}}],"collection":[{"href":"https:\/\/queeres-ufo.de\/index.php?rest_route=\/wp\/v2\/pages"}],"about":[{"href":"https:\/\/queeres-ufo.de\/index.php?rest_route=\/wp\/v2\/types\/page"}],"author":[{"embeddable":true,"href":"https:\/\/queeres-ufo.de\/index.php?rest_route=\/wp\/v2\/users\/1"}],"replies":[{"embeddable":true,"href":"https:\/\/queeres-ufo.de\/index.php?rest_route=%2Fwp%2Fv2%2Fcomments&post=19"}],"version-history":[{"count":10,"href":"https:\/\/queeres-ufo.de\/index.php?rest_route=\/wp\/v2\/pages\/19\/revisions"}],"predecessor-version":[{"id":353,"href":"https:\/\/queeres-ufo.de\/index.php?rest_route=\/wp\/v2\/pages\/19\/revisions\/353"}],"wp:attachment":[{"href":"https:\/\/queeres-ufo.de\/index.php?rest_route=%2Fwp%2Fv2%2Fmedia&parent=19"}],"curies":[{"name":"wp","href":"https:\/\/api.w.org\/{rel}","templated":true}]}}